{"id":4537,"date":"2026-05-10T13:41:49","date_gmt":"2026-05-10T13:41:49","guid":{"rendered":"https:\/\/macchinista.fiorilla.mi.it\/?page_id=4537"},"modified":"2026-05-10T13:45:53","modified_gmt":"2026-05-10T13:45:53","slug":"la-stazione-di-milano-centrale","status":"publish","type":"page","link":"https:\/\/macchinista.fiorilla.mi.it\/?page_id=4537","title":{"rendered":"La stazione di Milano Centrale"},"content":{"rendered":"\n<p>La&nbsp;<strong>stazione di Milano Centrale<\/strong>&nbsp;\u00e8 la principale stazione ferroviaria della citt\u00e0 di&nbsp;Milano e una delle principali&nbsp;stazioni ferroviarie&nbsp;d&#8217;Europa, nonch\u00e9 la pi\u00f9 grande per volume. Qui sono arrivato, emigrando dal Sud per provare a realizzare il mio sogno di Macchinista Ferroviere.<\/p>\n\n\n\n<figure class=\"wp-block-image size-large is-resized\"><img data-recalc-dims=\"1\" loading=\"lazy\" decoding=\"async\" width=\"837\" height=\"552\" src=\"https:\/\/i0.wp.com\/macchinista.fiorilla.mi.it\/wp-content\/uploads\/2026\/05\/6346363.jpg?resize=837%2C552&#038;ssl=1\" alt=\"\" class=\"wp-image-4538\" style=\"aspect-ratio:1.5168714526289528;width:592px;height:auto\" srcset=\"https:\/\/i0.wp.com\/macchinista.fiorilla.mi.it\/wp-content\/uploads\/2026\/05\/6346363.jpg?resize=1024%2C675&amp;ssl=1 1024w, https:\/\/i0.wp.com\/macchinista.fiorilla.mi.it\/wp-content\/uploads\/2026\/05\/6346363.jpg?resize=300%2C198&amp;ssl=1 300w, https:\/\/i0.wp.com\/macchinista.fiorilla.mi.it\/wp-content\/uploads\/2026\/05\/6346363.jpg?resize=768%2C506&amp;ssl=1 768w, https:\/\/i0.wp.com\/macchinista.fiorilla.mi.it\/wp-content\/uploads\/2026\/05\/6346363.jpg?w=1259&amp;ssl=1 1259w\" sizes=\"auto, (max-width: 837px) 100vw, 837px\" \/><\/figure>\n\n\n\n<p><em>Stazione di Milano Centrale, 1976 (foto tratta dal libro &#8220;Treni di Lombardia cinquant&#8217;anni fa nelle foto di Cesare Giorgi&#8221;, ed. CIFI sez. Milano)<\/em><\/p>\n\n\n\n<figure class=\"wp-block-image size-full is-resized\"><img data-recalc-dims=\"1\" loading=\"lazy\" decoding=\"async\" width=\"720\" height=\"438\" src=\"https:\/\/i0.wp.com\/macchinista.fiorilla.mi.it\/wp-content\/uploads\/2026\/05\/Stazione-MI-C.le_.jpg?resize=720%2C438&#038;ssl=1\" alt=\"\" class=\"wp-image-4539\" style=\"aspect-ratio:1.6438942599265098;width:595px;height:auto\" srcset=\"https:\/\/i0.wp.com\/macchinista.fiorilla.mi.it\/wp-content\/uploads\/2026\/05\/Stazione-MI-C.le_.jpg?w=720&amp;ssl=1 720w, https:\/\/i0.wp.com\/macchinista.fiorilla.mi.it\/wp-content\/uploads\/2026\/05\/Stazione-MI-C.le_.jpg?resize=300%2C183&amp;ssl=1 300w\" sizes=\"auto, (max-width: 720px) 100vw, 720px\" \/><\/figure>\n\n\n\n<p><em>Stazione di Milano Centrale, 23-12-1985, scattata dalla cabina A (E. Festari)<\/em><\/p>\n\n\n\n<figure class=\"wp-block-image size-large is-resized\"><img data-recalc-dims=\"1\" loading=\"lazy\" decoding=\"async\" width=\"837\" height=\"550\" src=\"https:\/\/i0.wp.com\/macchinista.fiorilla.mi.it\/wp-content\/uploads\/2026\/05\/image075-1.jpg?resize=837%2C550&#038;ssl=1\" alt=\"\" class=\"wp-image-4541\" style=\"aspect-ratio:1.5222488896245414;width:598px;height:auto\" srcset=\"https:\/\/i0.wp.com\/macchinista.fiorilla.mi.it\/wp-content\/uploads\/2026\/05\/image075-1.jpg?resize=1024%2C673&amp;ssl=1 1024w, https:\/\/i0.wp.com\/macchinista.fiorilla.mi.it\/wp-content\/uploads\/2026\/05\/image075-1.jpg?resize=300%2C197&amp;ssl=1 300w, https:\/\/i0.wp.com\/macchinista.fiorilla.mi.it\/wp-content\/uploads\/2026\/05\/image075-1.jpg?resize=768%2C505&amp;ssl=1 768w, https:\/\/i0.wp.com\/macchinista.fiorilla.mi.it\/wp-content\/uploads\/2026\/05\/image075-1.jpg?resize=1536%2C1009&amp;ssl=1 1536w, https:\/\/i0.wp.com\/macchinista.fiorilla.mi.it\/wp-content\/uploads\/2026\/05\/image075-1.jpg?resize=2048%2C1345&amp;ssl=1 2048w, https:\/\/i0.wp.com\/macchinista.fiorilla.mi.it\/wp-content\/uploads\/2026\/05\/image075-1.jpg?w=1674&amp;ssl=1 1674w\" sizes=\"auto, (max-width: 837px) 100vw, 837px\" \/><\/figure>\n\n\n\n<p><em>Stazione di Milano Centrale addobbata per le feste natalizie (foto E. Festari, anni &#8217;80)<\/em><\/p>\n\n\n\n<figure class=\"wp-block-image size-large is-resized\"><img data-recalc-dims=\"1\" loading=\"lazy\" decoding=\"async\" width=\"837\" height=\"548\" src=\"https:\/\/i0.wp.com\/macchinista.fiorilla.mi.it\/wp-content\/uploads\/2026\/05\/biglietteria-2.jpg?resize=837%2C548&#038;ssl=1\" alt=\"\" class=\"wp-image-4546\" style=\"aspect-ratio:1.528023925564909;width:597px;height:auto\" srcset=\"https:\/\/i0.wp.com\/macchinista.fiorilla.mi.it\/wp-content\/uploads\/2026\/05\/biglietteria-2.jpg?resize=1024%2C670&amp;ssl=1 1024w, https:\/\/i0.wp.com\/macchinista.fiorilla.mi.it\/wp-content\/uploads\/2026\/05\/biglietteria-2.jpg?resize=300%2C196&amp;ssl=1 300w, https:\/\/i0.wp.com\/macchinista.fiorilla.mi.it\/wp-content\/uploads\/2026\/05\/biglietteria-2.jpg?resize=768%2C503&amp;ssl=1 768w, https:\/\/i0.wp.com\/macchinista.fiorilla.mi.it\/wp-content\/uploads\/2026\/05\/biglietteria-2.jpg?resize=1536%2C1005&amp;ssl=1 1536w, https:\/\/i0.wp.com\/macchinista.fiorilla.mi.it\/wp-content\/uploads\/2026\/05\/biglietteria-2.jpg?w=1774&amp;ssl=1 1774w, https:\/\/i0.wp.com\/macchinista.fiorilla.mi.it\/wp-content\/uploads\/2026\/05\/biglietteria-2.jpg?w=1674&amp;ssl=1 1674w\" sizes=\"auto, (max-width: 837px) 100vw, 837px\" \/><\/figure>\n\n\n\n<p><em>Il salone delle biglietterie (foto M. D&#8217;Inc\u00e0, anni &#8217;80)<\/em><\/p>\n\n\n\n<figure class=\"wp-block-image size-large is-resized\"><img data-recalc-dims=\"1\" loading=\"lazy\" decoding=\"async\" width=\"837\" height=\"553\" src=\"https:\/\/i0.wp.com\/macchinista.fiorilla.mi.it\/wp-content\/uploads\/2026\/05\/carrello-portabagagli.jpg?resize=837%2C553&#038;ssl=1\" alt=\"\" class=\"wp-image-4549\" style=\"aspect-ratio:1.5142700329308452;width:593px;height:auto\" srcset=\"https:\/\/i0.wp.com\/macchinista.fiorilla.mi.it\/wp-content\/uploads\/2026\/05\/carrello-portabagagli.jpg?resize=1024%2C676&amp;ssl=1 1024w, https:\/\/i0.wp.com\/macchinista.fiorilla.mi.it\/wp-content\/uploads\/2026\/05\/carrello-portabagagli.jpg?resize=300%2C198&amp;ssl=1 300w, https:\/\/i0.wp.com\/macchinista.fiorilla.mi.it\/wp-content\/uploads\/2026\/05\/carrello-portabagagli.jpg?resize=768%2C507&amp;ssl=1 768w, https:\/\/i0.wp.com\/macchinista.fiorilla.mi.it\/wp-content\/uploads\/2026\/05\/carrello-portabagagli.jpg?w=1172&amp;ssl=1 1172w\" sizes=\"auto, (max-width: 837px) 100vw, 837px\" \/><\/figure>\n\n\n\n<p><em>Il carrello portabagagli (foto M. D&#8217;Inc\u00e0, anni &#8217;80)<\/em><\/p>\n","protected":false},"excerpt":{"rendered":"<p>La&nbsp;stazione di Milano Centrale&nbsp;\u00e8 la principale stazione ferroviaria della citt\u00e0 di&nbsp;Milano e una delle principali&nbsp;stazioni ferroviarie&nbsp;d&#8217;Europa, nonch\u00e9 la pi\u00f9 grande per volume. Qui sono arrivato, emigrando dal Sud per provare a realizzare il mio sogno di Macchinista Ferroviere. Stazione di Milano Centrale, 1976 (foto tratta dal libro &#8220;Treni di Lombardia cinquant&#8217;anni fa nelle foto di <a class=\"read-more\" href=\"https:\/\/macchinista.fiorilla.mi.it\/?page_id=4537\">LEGGI TUTTO<\/a><\/p>\n","protected":false},"author":1,"featured_media":0,"parent":0,"menu_order":0,"comment_status":"closed","ping_status":"closed","template":"","meta":{"footnotes":""},"class_list":["post-4537","page","type-page","status-publish","hentry"],"jetpack-related-posts":[],"jetpack_sharing_enabled":true,"_links":{"self":[{"href":"https:\/\/macchinista.fiorilla.mi.it\/index.php?rest_route=\/wp\/v2\/pages\/4537","targetHints":{"allow":["GET"]}}],"collection":[{"href":"https:\/\/macchinista.fiorilla.mi.it\/index.php?rest_route=\/wp\/v2\/pages"}],"about":[{"href":"https:\/\/macchinista.fiorilla.mi.it\/index.php?rest_route=\/wp\/v2\/types\/page"}],"author":[{"embeddable":true,"href":"https:\/\/macchinista.fiorilla.mi.it\/index.php?rest_route=\/wp\/v2\/users\/1"}],"replies":[{"embeddable":true,"href":"https:\/\/macchinista.fiorilla.mi.it\/index.php?rest_route=%2Fwp%2Fv2%2Fcomments&post=4537"}],"version-history":[{"count":4,"href":"https:\/\/macchinista.fiorilla.mi.it\/index.php?rest_route=\/wp\/v2\/pages\/4537\/revisions"}],"predecessor-version":[{"id":4548,"href":"https:\/\/macchinista.fiorilla.mi.it\/index.php?rest_route=\/wp\/v2\/pages\/4537\/revisions\/4548"}],"wp:attachment":[{"href":"https:\/\/macchinista.fiorilla.mi.it\/index.php?rest_route=%2Fwp%2Fv2%2Fmedia&parent=4537"}],"curies":[{"name":"wp","href":"https:\/\/api.w.org\/{rel}","templated":true}]}}